{"id":26645,"date":"2023-12-19T19:47:28","date_gmt":"2023-12-19T18:47:28","guid":{"rendered":"https:\/\/22hbg.com\/contact\/"},"modified":"2025-09-10T17:07:01","modified_gmt":"2025-09-10T16:07:01","slug":"contact","status":"publish","type":"page","link":"https:\/\/22hbg.com\/fr\/contact\/","title":{"rendered":"Contact"},"content":{"rendered":"\t\t<div data-elementor-type=\"wp-page\" data-elementor-id=\"26645\" class=\"elementor elementor-26645 elementor-71\" data-elementor-post-type=\"page\">\n\t\t\t\t\t\t<section class=\"elementor-section elementor-top-section elementor-element elementor-element-40c8888 elementor-section-boxed elementor-section-height-default elementor-section-height-default\" data-id=\"40c8888\" data-element_type=\"section\" data-e-type=\"section\">\n\t\t\t\t\t\t<div class=\"elementor-container elementor-column-gap-wide\">\n\t\t\t\t\t<div class=\"elementor-column elementor-col-50 elementor-top-column elementor-element elementor-element-a605110\" data-id=\"a605110\" data-element_type=\"column\" data-e-type=\"column\">\n\t\t\t<div class=\"elementor-widget-wrap elementor-element-populated\">\n\t\t\t\t\t\t<section class=\"elementor-section elementor-inner-section elementor-element elementor-element-b92429e elementor-section-boxed elementor-section-height-default elementor-section-height-default\" data-id=\"b92429e\" data-element_type=\"section\" data-e-type=\"section\">\n\t\t\t\t\t\t<div class=\"elementor-container elementor-column-gap-default\">\n\t\t\t\t\t<div class=\"elementor-column elementor-col-100 elementor-inner-column elementor-element elementor-element-6768e4c\" data-id=\"6768e4c\" data-element_type=\"column\" data-e-type=\"column\">\n\t\t\t<div class=\"elementor-widget-wrap elementor-element-populated\">\n\t\t\t\t\t\t<div class=\"elementor-element elementor-element-510cbba elementor-widget elementor-widget-neuros_heading\" data-id=\"510cbba\" data-element_type=\"widget\" data-e-type=\"widget\" data-widget_type=\"neuros_heading.default\">\n\t\t\t\t<div class=\"elementor-widget-container\">\n\t\t\t\t\t<div class=\"neuros-heading-widget\"><h2 class=\"neuros-heading\"><span class=\"neuros-subheading\">Prenez contact avec nous<\/span><span class=\"neuros-heading-content has_gradient_color_text\">Nous sommes toujours pr\u00eats \u00e0 vous aider et \u00e0 r\u00e9pondre \u00e0 vos questions.   <\/span><\/h2><\/div>\t\t\t\t<\/div>\n\t\t\t\t<\/div>\n\t\t\t\t<div class=\"elementor-element elementor-element-825c078 elementor-widget elementor-widget-text-editor\" data-id=\"825c078\" data-element_type=\"widget\" data-e-type=\"widget\" data-widget_type=\"text-editor.default\">\n\t\t\t\t<div class=\"elementor-widget-container\">\n\t\t\t\t\t\t\t\t\t<p data-start=\"366\" data-end=\"424\">Un message est le point de d\u00e9part de toute grande collaboration.<\/p><p data-start=\"426\" data-end=\"503\" data-is-last-node=\"\" data-is-only-node=\"\"> <\/p>\t\t\t\t\t\t\t\t<\/div>\n\t\t\t\t<\/div>\n\t\t\t\t\t<\/div>\n\t\t<\/div>\n\t\t\t\t\t<\/div>\n\t\t<\/section>\n\t\t\t\t<section class=\"elementor-section elementor-inner-section elementor-element elementor-element-edf4297 elementor-section-boxed elementor-section-height-default elementor-section-height-default\" data-id=\"edf4297\" data-element_type=\"section\" data-e-type=\"section\">\n\t\t\t\t\t\t<div class=\"elementor-container elementor-column-gap-default\">\n\t\t\t\t\t<div class=\"elementor-column elementor-col-50 elementor-inner-column elementor-element elementor-element-edc40ba\" data-id=\"edc40ba\" data-element_type=\"column\" data-e-type=\"column\">\n\t\t\t<div class=\"elementor-widget-wrap elementor-element-populated\">\n\t\t\t\t\t\t<div class=\"elementor-element elementor-element-2b58309 elementor-widget elementor-widget-neuros_heading\" data-id=\"2b58309\" data-element_type=\"widget\" data-e-type=\"widget\" data-widget_type=\"neuros_heading.default\">\n\t\t\t\t<div class=\"elementor-widget-container\">\n\t\t\t\t\t<div class=\"neuros-heading-widget\"><h6 class=\"neuros-heading\"><span class=\"neuros-heading-content has_gradient_color_text\">T\u00e9l\u00e9phone<\/span><\/h6><\/div>\t\t\t\t<\/div>\n\t\t\t\t<\/div>\n\t\t\t\t<div class=\"elementor-element elementor-element-1f4f9b4 elementor-widget elementor-widget-text-editor\" data-id=\"1f4f9b4\" data-element_type=\"widget\" data-e-type=\"widget\" data-widget_type=\"text-editor.default\">\n\t\t\t\t<div class=\"elementor-widget-container\">\n\t\t\t\t\t\t\t\t\t<p><a href=\"tel:0532%201914%20149\">0532 1914 149<\/a><\/p>\t\t\t\t\t\t\t\t<\/div>\n\t\t\t\t<\/div>\n\t\t\t\t<div class=\"elementor-element elementor-element-93805f6 elementor-widget elementor-widget-neuros_heading\" data-id=\"93805f6\" data-element_type=\"widget\" data-e-type=\"widget\" data-widget_type=\"neuros_heading.default\">\n\t\t\t\t<div class=\"elementor-widget-container\">\n\t\t\t\t\t<div class=\"neuros-heading-widget\"><h6 class=\"neuros-heading\"><span class=\"neuros-heading-content has_gradient_color_text\">Courriel<\/span><\/h6><\/div>\t\t\t\t<\/div>\n\t\t\t\t<\/div>\n\t\t\t\t<div class=\"elementor-element elementor-element-b657955 elementor-widget elementor-widget-text-editor\" data-id=\"b657955\" data-element_type=\"widget\" data-e-type=\"widget\" data-widget_type=\"text-editor.default\">\n\t\t\t\t<div class=\"elementor-widget-container\">\n\t\t\t\t\t\t\t\t\t<p><a href=\"mailto:info@22hbg.com\">info@22hbg.com<\/a><\/p>\t\t\t\t\t\t\t\t<\/div>\n\t\t\t\t<\/div>\n\t\t\t\t\t<\/div>\n\t\t<\/div>\n\t\t\t\t<div class=\"elementor-column elementor-col-50 elementor-inner-column elementor-element elementor-element-ea95dd8\" data-id=\"ea95dd8\" data-element_type=\"column\" data-e-type=\"column\">\n\t\t\t<div class=\"elementor-widget-wrap elementor-element-populated\">\n\t\t\t\t\t\t<div class=\"elementor-element elementor-element-b92ee08 elementor-widget elementor-widget-neuros_heading\" data-id=\"b92ee08\" data-element_type=\"widget\" data-e-type=\"widget\" data-widget_type=\"neuros_heading.default\">\n\t\t\t\t<div class=\"elementor-widget-container\">\n\t\t\t\t\t<div class=\"neuros-heading-widget\"><h6 class=\"neuros-heading\"><span class=\"neuros-heading-content has_gradient_color_text\">O\u00f9 nous trouver<\/span><\/h6><\/div>\t\t\t\t<\/div>\n\t\t\t\t<\/div>\n\t\t\t\t<div class=\"elementor-element elementor-element-651bac6 elementor-widget elementor-widget-text-editor\" data-id=\"651bac6\" data-element_type=\"widget\" data-e-type=\"widget\" data-widget_type=\"text-editor.default\">\n\t\t\t\t<div class=\"elementor-widget-container\">\n\t\t\t\t\t\t\t\t\t<p><a href=\"https:\/\/maps.app.goo.gl\/jXv4wy4Wv8SoKbqt9\">Via Modena 119, Ferrara.<\/a><\/p>\t\t\t\t\t\t\t\t<\/div>\n\t\t\t\t<\/div>\n\t\t\t\t<div class=\"elementor-element elementor-element-96de688 elementor-widget elementor-widget-neuros_heading\" data-id=\"96de688\" data-element_type=\"widget\" data-e-type=\"widget\" data-widget_type=\"neuros_heading.default\">\n\t\t\t\t<div class=\"elementor-widget-container\">\n\t\t\t\t\t<div class=\"neuros-heading-widget\"><h6 class=\"neuros-heading\"><span class=\"neuros-heading-content has_gradient_color_text\">R\u00e9seaux sociaux<\/span><\/h6><\/div>\t\t\t\t<\/div>\n\t\t\t\t<\/div>\n\t\t\t\t<div class=\"elementor-element elementor-element-355f687 elementor-shape-square e-grid-align-left elementor-grid-0 elementor-widget elementor-widget-social-icons\" data-id=\"355f687\" data-element_type=\"widget\" data-e-type=\"widget\" data-widget_type=\"social-icons.default\">\n\t\t\t\t<div class=\"elementor-widget-container\">\n\t\t\t\t\t\t\t<div class=\"elementor-social-icons-wrapper elementor-grid\" role=\"list\">\n\t\t\t\t\t\t\t<span class=\"elementor-grid-item\" role=\"listitem\">\n\t\t\t\t\t<a class=\"elementor-icon elementor-social-icon elementor-social-icon-facebook-f elementor-repeater-item-e9738af\" href=\"https:\/\/www.facebook.com\/22HBG\/\" target=\"_blank\">\n\t\t\t\t\t\t<span class=\"elementor-screen-only\">Facebook-f<\/span>\n\t\t\t\t\t\t<i aria-hidden=\"true\" class=\"fab fa-facebook-f\"><\/i>\t\t\t\t\t<\/a>\n\t\t\t\t<\/span>\n\t\t\t\t\t\t\t<span class=\"elementor-grid-item\" role=\"listitem\">\n\t\t\t\t\t<a class=\"elementor-icon elementor-social-icon elementor-social-icon-linkedin-in elementor-repeater-item-0770189\" href=\"https:\/\/www.linkedin.com\/company\/22hbg\" target=\"_blank\">\n\t\t\t\t\t\t<span class=\"elementor-screen-only\">Linkedin-in<\/span>\n\t\t\t\t\t\t<i aria-hidden=\"true\" class=\"fab fa-linkedin-in\"><\/i>\t\t\t\t\t<\/a>\n\t\t\t\t<\/span>\n\t\t\t\t\t\t\t<span class=\"elementor-grid-item\" role=\"listitem\">\n\t\t\t\t\t<a class=\"elementor-icon elementor-social-icon elementor-social-icon-instagram elementor-repeater-item-5350dac\" href=\"https:\/\/www.instagram.com\/22hbg\/\" target=\"_blank\">\n\t\t\t\t\t\t<span class=\"elementor-screen-only\">Instagram<\/span>\n\t\t\t\t\t\t<i aria-hidden=\"true\" class=\"fab fa-instagram\"><\/i>\t\t\t\t\t<\/a>\n\t\t\t\t<\/span>\n\t\t\t\t\t<\/div>\n\t\t\t\t\t\t<\/div>\n\t\t\t\t<\/div>\n\t\t\t\t\t<\/div>\n\t\t<\/div>\n\t\t\t\t\t<\/div>\n\t\t<\/section>\n\t\t\t\t\t<\/div>\n\t\t<\/div>\n\t\t\t\t<div class=\"elementor-column elementor-col-50 elementor-top-column elementor-element elementor-element-00b203a\" data-id=\"00b203a\" data-element_type=\"column\" data-e-type=\"column\" data-settings=\"{&quot;background_background&quot;:&quot;classic&quot;}\">\n\t\t\t<div class=\"elementor-widget-wrap elementor-element-populated\">\n\t\t\t\t\t\t<div class=\"elementor-element elementor-element-8da89d5 wpforms-button-border-style-solid wpforms-button-bakground-style-solid elementor-widget elementor-widget-neuros_wpforms\" data-id=\"8da89d5\" data-element_type=\"widget\" data-e-type=\"widget\" data-widget_type=\"neuros_wpforms.default\">\n\t\t\t\t<div class=\"elementor-widget-container\">\n\t\t\t\t\t        <div class=\"neuros-wpforms-widget\">\n            <h4 class=\"wpforms-widget-heading neuros-heading\"><span class=\"neuros-heading-content\">Prenez contact avec nous<\/span><\/h4><style id=\"wpforms-css-vars-23200\">\n\t\t\t\t#wpforms-23200 {\n\t\t\t\t--wpforms-container-padding: 0px;\n--wpforms-container-border-width: 1px;\n--wpforms-container-border-radius: 3px;\n--wpforms-background-color: rgba(0, 0, 0, 0);\n--wpforms-field-size-input-height: 43px;\n--wpforms-field-size-input-spacing: 15px;\n--wpforms-field-size-font-size: 16px;\n--wpforms-field-size-line-height: 19px;\n--wpforms-field-size-padding-h: 14px;\n--wpforms-field-size-checkbox-size: 16px;\n--wpforms-field-size-sublabel-spacing: 5px;\n--wpforms-field-size-icon-size: 1;\n--wpforms-label-size-font-size: 16px;\n--wpforms-label-size-line-height: 19px;\n--wpforms-label-size-sublabel-font-size: 14px;\n--wpforms-label-size-sublabel-line-height: 17px;\n--wpforms-button-size-font-size: 17px;\n--wpforms-button-size-height: 41px;\n--wpforms-button-size-padding-h: 15px;\n--wpforms-button-size-margin-top: 10px;\n--wpforms-container-shadow-size-box-shadow: none;\n\t\t\t}\n\t\t\t<\/style><div class=\"wpforms-container wpforms-container-full wpforms-render-modern\" id=\"wpforms-23200\"><form id=\"wpforms-form-23200\" class=\"wpforms-validate wpforms-form wpforms-ajax-form\" data-formid=\"23200\" method=\"post\" enctype=\"multipart\/form-data\" action=\"\/fr\/wp-json\/wp\/v2\/pages\/26645\" data-token=\"9591d292bedd5dfc75b1139d0aadb5f8\" data-token-time=\"1775416700\"><div class=\"wpforms-head-container\"><div class=\"wpforms-description\">Ogni grande progetto nasce da un buon ascolto.<\/div><\/div><noscript class=\"wpforms-error-noscript\">Veuillez activer JavaScript dans votre navigateur pour remplir ce formulaire.<\/noscript><div id=\"wpforms-error-noscript\" style=\"display: none;\">Veuillez activer JavaScript dans votre navigateur pour remplir ce formulaire.<\/div><div class=\"wpforms-field-container\">\t\t<div id=\"wpforms-23200-field_2-container\"\n\t\t\tclass=\"wpforms-field wpforms-field-text\"\n\t\t\tdata-field-type=\"text\"\n\t\t\tdata-field-id=\"2\"\n\t\t\t>\n\t\t\t<label class=\"wpforms-field-label\" for=\"wpforms-23200-field_2\" >Oggetto Email Messaggio<\/label>\n\t\t\t<input type=\"text\" id=\"wpforms-23200-field_2\" class=\"wpforms-field-medium\" name=\"wpforms[fields][2]\" >\n\t\t<\/div>\n\t\t<div id=\"wpforms-23200-field_1-container\" class=\"wpforms-field wpforms-field-text\" data-field-id=\"1\"><label class=\"wpforms-field-label wpforms-label-hide\" for=\"wpforms-23200-field_1\" aria-hidden=\"false\">Nome <span class=\"wpforms-required-label\" aria-hidden=\"true\">*<\/span><\/label><input type=\"text\" id=\"wpforms-23200-field_1\" class=\"wpforms-field-large wpforms-field-required\" name=\"wpforms[fields][1]\" placeholder=\"Nome\" aria-errormessage=\"wpforms-23200-field_1-error\" required><\/div><div id=\"wpforms-23200-field_3-container\" class=\"wpforms-field wpforms-field-email\" data-field-id=\"3\"><label class=\"wpforms-field-label wpforms-label-hide\" for=\"wpforms-23200-field_3\" aria-hidden=\"false\">Email <span class=\"wpforms-required-label\" aria-hidden=\"true\">*<\/span><\/label><input type=\"email\" id=\"wpforms-23200-field_3\" class=\"wpforms-field-large wpforms-field-required\" name=\"wpforms[fields][3]\" placeholder=\"Email\" spellcheck=\"false\" aria-errormessage=\"wpforms-23200-field_3-error\" required><\/div><div id=\"wpforms-23200-field_4-container\" class=\"wpforms-field wpforms-field-text\" data-field-id=\"4\"><label class=\"wpforms-field-label wpforms-label-hide\" for=\"wpforms-23200-field_4\" aria-hidden=\"false\">Oggetto <span class=\"wpforms-required-label\" aria-hidden=\"true\">*<\/span><\/label><input type=\"text\" id=\"wpforms-23200-field_4\" class=\"wpforms-field-large wpforms-field-required\" name=\"wpforms[fields][4]\" placeholder=\"Oggetto\" aria-errormessage=\"wpforms-23200-field_4-error\" required><\/div><div id=\"wpforms-23200-field_5-container\" class=\"wpforms-field wpforms-field-textarea\" data-field-id=\"5\"><label class=\"wpforms-field-label wpforms-label-hide\" for=\"wpforms-23200-field_5\" aria-hidden=\"false\">Messaggio<\/label><textarea id=\"wpforms-23200-field_5\" class=\"wpforms-field-small\" name=\"wpforms[fields][5]\" placeholder=\"Messaggio\" aria-errormessage=\"wpforms-23200-field_5-error\" ><\/textarea><\/div><script>\n\t\t\t\t( function() {\n\t\t\t\t\tconst style = document.createElement( 'style' );\n\t\t\t\t\tstyle.appendChild( document.createTextNode( '#wpforms-23200-field_2-container { position: absolute !important; overflow: hidden !important; display: inline !important; height: 1px !important; width: 1px !important; z-index: -1000 !important; padding: 0 !important; } #wpforms-23200-field_2-container input { visibility: hidden; } #wpforms-conversational-form-page #wpforms-23200-field_2-container label { counter-increment: none; }' ) );\n\t\t\t\t\tdocument.head.appendChild( style );\n\t\t\t\t\tdocument.currentScript?.remove();\n\t\t\t\t} )();\n\t\t\t<\/script><\/div><!-- .wpforms-field-container --><div class=\"wpforms-submit-container\" ><input type=\"hidden\" name=\"wpforms[id]\" value=\"23200\"><input type=\"hidden\" name=\"page_title\" value=\"\"><input type=\"hidden\" name=\"page_url\" value=\"https:\/\/22hbg.com\/fr\/wp-json\/wp\/v2\/pages\/26645\"><input type=\"hidden\" name=\"url_referer\" value=\"\"><button type=\"submit\" name=\"wpforms[submit]\" id=\"wpforms-submit-23200\" class=\"wpforms-submit\" data-alt-text=\"Invio...\" data-submit-text=\"Invia\" aria-live=\"assertive\" value=\"wpforms-submit\">Invia<\/button><img decoding=\"async\" src=\"https:\/\/22hbg.com\/wp-content\/plugins\/wpforms-lite\/assets\/images\/submit-spin.svg\" class=\"wpforms-submit-spinner\" style=\"display: none;\" width=\"26\" height=\"26\" alt=\"Chargement en cours\"><\/div><\/form><\/div>  <!-- .wpforms-container -->        <\/div>\n        \t\t\t\t<\/div>\n\t\t\t\t<\/div>\n\t\t\t\t\t<\/div>\n\t\t<\/div>\n\t\t\t\t\t<\/div>\n\t\t<\/section>\n\t\t\t\t<section class=\"elementor-section elementor-top-section elementor-element elementor-element-7addf49 elementor-section-full_width elementor-section-stretched elementor-section-height-default elementor-section-height-default\" data-id=\"7addf49\" data-element_type=\"section\" data-e-type=\"section\" data-settings=\"{&quot;stretch_section&quot;:&quot;section-stretched&quot;}\">\n\t\t\t\t\t\t<div class=\"elementor-container elementor-column-gap-no\">\n\t\t\t\t\t<div class=\"elementor-column elementor-col-100 elementor-top-column elementor-element elementor-element-24141ae\" data-id=\"24141ae\" data-element_type=\"column\" data-e-type=\"column\">\n\t\t\t<div class=\"elementor-widget-wrap elementor-element-populated\">\n\t\t\t\t\t\t<div class=\"elementor-element elementor-element-643ab46 elementor-widget elementor-widget-google_maps\" data-id=\"643ab46\" data-element_type=\"widget\" data-e-type=\"widget\" data-widget_type=\"google_maps.default\">\n\t\t\t\t<div class=\"elementor-widget-container\">\n\t\t\t\t\t\t\t<div class=\"elementor-custom-embed\">\n\t\t\t<iframe loading=\"lazy\"\n\t\t\t\t\tsrc=\"https:\/\/maps.google.com\/maps?q=Via%20Modena%20119%2C%20Ferrara&#038;t=m&#038;z=16&#038;output=embed&#038;iwloc=near\"\n\t\t\t\t\ttitle=\"Via Modena 119, Ferrara\"\n\t\t\t\t\taria-label=\"Via Modena 119, Ferrara\"\n\t\t\t><\/iframe>\n\t\t<\/div>\n\t\t\t\t\t\t<\/div>\n\t\t\t\t<\/div>\n\t\t\t\t\t<\/div>\n\t\t<\/div>\n\t\t\t\t\t<\/div>\n\t\t<\/section>\n\t\t\t\t<\/div>\n\t\t","protected":false},"excerpt":{"rendered":"<p>Un message est le point de d\u00e9part de toute grande collaboration. 0532 1914 149 info@22hbg.com Via Modena 119, Ferrara. Facebook-f Linkedin-in Instagram<\/p>\n","protected":false},"author":1,"featured_media":24930,"parent":0,"menu_order":0,"comment_status":"closed","ping_status":"closed","template":"","meta":{"inline_featured_image":false,"footnotes":""},"class_list":["post-26645","page","type-page","status-publish","has-post-thumbnail","hentry"],"aioseo_notices":[],"_links":{"self":[{"href":"https:\/\/22hbg.com\/fr\/wp-json\/wp\/v2\/pages\/26645","targetHints":{"allow":["GET"]}}],"collection":[{"href":"https:\/\/22hbg.com\/fr\/wp-json\/wp\/v2\/pages"}],"about":[{"href":"https:\/\/22hbg.com\/fr\/wp-json\/wp\/v2\/types\/page"}],"author":[{"embeddable":true,"href":"https:\/\/22hbg.com\/fr\/wp-json\/wp\/v2\/users\/1"}],"replies":[{"embeddable":true,"href":"https:\/\/22hbg.com\/fr\/wp-json\/wp\/v2\/comments?post=26645"}],"version-history":[{"count":1,"href":"https:\/\/22hbg.com\/fr\/wp-json\/wp\/v2\/pages\/26645\/revisions"}],"predecessor-version":[{"id":26646,"href":"https:\/\/22hbg.com\/fr\/wp-json\/wp\/v2\/pages\/26645\/revisions\/26646"}],"wp:featuredmedia":[{"embeddable":true,"href":"https:\/\/22hbg.com\/fr\/wp-json\/wp\/v2\/media\/24930"}],"wp:attachment":[{"href":"https:\/\/22hbg.com\/fr\/wp-json\/wp\/v2\/media?parent=26645"}],"curies":[{"name":"wp","href":"https:\/\/api.w.org\/{rel}","templated":true}]}}